{"id":924,"date":"2013-03-25T11:21:16","date_gmt":"2013-03-25T10:21:16","guid":{"rendered":"http:\/\/p3460.phpnet.org\/leshayons\/?page_id=924"},"modified":"2013-03-25T11:22:10","modified_gmt":"2013-03-25T10:22:10","slug":"nous-contacter","status":"publish","type":"page","link":"http:\/\/p3460.phpnet.org\/leshayons\/?page_id=924","title":{"rendered":"Nous contacter"},"content":{"rendered":"<div class=\"frm_forms  with_frm_style frm_style_style-formidable\" id=\"frm_form_6_container\" >\n<form enctype=\"multipart\/form-data\" method=\"post\" class=\"frm-show-form  frm_pro_form \" id=\"form_vvai7i\"  >\n<div class=\"frm_form_fields \">\n<fieldset>\n\r\n<div class=\"frm_fields_container\">\n<input type=\"hidden\" name=\"frm_action\" value=\"create\" \/>\n<input type=\"hidden\" name=\"form_id\" value=\"6\" \/>\n<input type=\"hidden\" name=\"frm_hide_fields_6\" id=\"frm_hide_fields_6\" value=\"\" \/>\n<input type=\"hidden\" name=\"form_key\" value=\"vvai7i\" \/>\n<input type=\"hidden\" name=\"item_meta[0]\" value=\"\" \/>\n<input type=\"hidden\" id=\"frm_submit_entry_6\" name=\"frm_submit_entry_6\" value=\"0fd9b6ff67\" \/><input type=\"hidden\" name=\"_wp_http_referer\" value=\"\/leshayons\/index.php?rest_route=%2Fwp%2Fv2%2Fpages%2F924\" \/><div id=\"frm_field_83_container\" class=\"frm_form_field form-field  frm_required_field frm_top_container frm_left_half\">\r\n    <label for=\"field_rsmten\" class=\"frm_primary_label\">Nom\r\n        <span class=\"frm_required\">*<\/span>\r\n    <\/label>\r\n    <input type=\"text\" id=\"field_rsmten\" name=\"item_meta[83]\" value=\"\"  data-reqmsg=\"Ce champs doit \u00eatre rempli\" aria-required=\"true\" data-invmsg=\"Nom est non valide\" aria-invalid=\"false\"   aria-describedby=\"frm_desc_field_rsmten\"\/>\r\n    \r\n<\/div>\n<div id=\"frm_field_84_container\" class=\"frm_form_field form-field  frm_required_field frm_top_container frm_right_half\">\r\n    <label for=\"field_je4afj\" class=\"frm_primary_label\">Pr\u00e9nom\r\n        <span class=\"frm_required\">*<\/span>\r\n    <\/label>\r\n    <input type=\"text\" id=\"field_je4afj\" name=\"item_meta[84]\" value=\"\"  data-reqmsg=\"Ce champs doit \u00eatre rempli\" aria-required=\"true\" data-invmsg=\"Pr\u00e9nom est non valide\" aria-invalid=\"false\"   aria-describedby=\"frm_desc_field_je4afj\"\/>\r\n    \r\n<\/div>\n<div id=\"frm_field_85_container\" class=\"frm_form_field form-field  frm_required_field frm_top_container frm_full\">\r\n    <label for=\"field_prz83z\" class=\"frm_primary_label\">Email\r\n        <span class=\"frm_required\">*<\/span>\r\n    <\/label>\r\n    <input type=\"email\" id=\"field_prz83z\" name=\"item_meta[85]\" value=\"\"  data-reqmsg=\"Ce champs doit \u00eatre rempli\" aria-required=\"true\" data-invmsg=\"Veillez entrer une adresse email valide\" aria-invalid=\"false\"  \/>\r\n    \r\n    \r\n<\/div>\n<div id=\"frm_field_86_container\" class=\"frm_form_field form-field  frm_top_container frm_full\">\r\n    <label for=\"field_6hysn5\" class=\"frm_primary_label\">Site internet\r\n        <span class=\"frm_required\"><\/span>\r\n    <\/label>\r\n    <input type=\"url\" id=\"field_6hysn5\" name=\"item_meta[86]\" value=\"\"  data-invmsg=\"Veillez entrer une adresse web valide\" aria-invalid=\"false\"  \/>\r\n    \r\n    \r\n<\/div>\n<div id=\"frm_field_87_container\" class=\"frm_form_field form-field  frm_required_field frm_top_container frm_full\">\r\n    <label for=\"field_e9ni14\" class=\"frm_primary_label\">Sujet\r\n        <span class=\"frm_required\">*<\/span>\r\n    <\/label>\r\n    <input type=\"text\" id=\"field_e9ni14\" name=\"item_meta[87]\" value=\"\"  data-reqmsg=\"Ce champs doit \u00eatre rempli\" aria-required=\"true\" data-invmsg=\"Sujet est non valide\" aria-invalid=\"false\"  \/>\r\n    \r\n    \r\n<\/div>\n<div id=\"frm_field_88_container\" class=\"frm_form_field form-field  frm_required_field frm_top_container frm_full\">\r\n    <label for=\"field_c1axkg\" class=\"frm_primary_label\">Message\r\n        <span class=\"frm_required\">*<\/span>\r\n    <\/label>\r\n    <textarea name=\"item_meta[88]\" id=\"field_c1axkg\" rows=\"5\"  data-reqmsg=\"Ce champs doit \u00eatre rempli\" aria-required=\"true\" data-invmsg=\"Message est non valide\" aria-invalid=\"false\"  ><\/textarea>\r\n    \r\n    \r\n<\/div>\n<div id=\"frm_field_90_container\" class=\"frm_form_field form-field  frm_top_container\">\r\n    <label for=\"field_au4okh\" class=\"frm_primary_label\">Pi\u00e8ce jointe\r\n        <span class=\"frm_required\"><\/span>\r\n    <\/label>\r\n    <input type=\"hidden\" name=\"item_meta[90]\"  value=\"\" data-frmfile=\"90\" \/>\n\n<div class=\"frm_dropzone frm_single_upload frm_clearfix\" id=\"file90_dropzone\" role=\"group\" >\n\t<div class=\"fallback\">\n\t\t<input type=\"file\" name=\"file90\" id=\"field_au4okh\"\n\t\t\t data-invmsg=\"Pi\u00e8ce jointe est non valide\" aria-invalid=\"false\"  \t\t\t\/>\n\t\t\t\t<div class=\"frm_clearfix \"><\/div>\n\t<\/div>\n\t<div class=\"dz-message needsclick\">\n\t\t<span class=\"frm_icon_font frm_upload_icon\"><\/span>\n\t\t<span class=\"frm_upload_text\"><button type=\"button\">D\u00e9poser un fichier ici ou cliquer pour t\u00e9l\u00e9charger<\/button><\/span>\n\t\t<span class=\"frm_compact_text\"><button type=\"button\">Choisir un fichier<\/button><\/span>\n\t\t<div class=\"frm_small_text\">\n\t\t\tTaille de t\u00e9l\u00e9chargement maximum : 209.72 Mo\t\t<\/div>\n\t<\/div>\n<\/div>\n\r\n    \r\n    \r\n<\/div>\n\t<input type=\"hidden\" name=\"item_key\" value=\"\" \/>\n\t<input name=\"frm_state\" type=\"hidden\" value=\"fifNz1g1umBXvHQMq+eScaNQvoRqkmY7QhJHSH71j3Q=\" \/><div class=\"frm_submit\">\n\n<button class=\"frm_button_submit frm_final_submit\" type=\"submit\"   formnovalidate=\"formnovalidate\">Envoyer<\/button>\n\n\n<\/div><\/div>\n<\/fieldset>\n<\/div>\n<\/form>\n<\/div>\n\n","protected":false},"excerpt":{"rendered":"","protected":false},"author":1,"featured_media":0,"parent":0,"menu_order":0,"comment_status":"closed","ping_status":"closed","template":"","meta":[],"aioseo_notices":[],"_links":{"self":[{"href":"http:\/\/p3460.phpnet.org\/leshayons\/index.php?rest_route=\/wp\/v2\/pages\/924"}],"collection":[{"href":"http:\/\/p3460.phpnet.org\/leshayons\/index.php?rest_route=\/wp\/v2\/pages"}],"about":[{"href":"http:\/\/p3460.phpnet.org\/leshayons\/index.php?rest_route=\/wp\/v2\/types\/page"}],"author":[{"embeddable":true,"href":"http:\/\/p3460.phpnet.org\/leshayons\/index.php?rest_route=\/wp\/v2\/users\/1"}],"replies":[{"embeddable":true,"href":"http:\/\/p3460.phpnet.org\/leshayons\/index.php?rest_route=%2Fwp%2Fv2%2Fcomments&post=924"}],"version-history":[{"count":1,"href":"http:\/\/p3460.phpnet.org\/leshayons\/index.php?rest_route=\/wp\/v2\/pages\/924\/revisions"}],"predecessor-version":[{"id":926,"href":"http:\/\/p3460.phpnet.org\/leshayons\/index.php?rest_route=\/wp\/v2\/pages\/924\/revisions\/926"}],"wp:attachment":[{"href":"http:\/\/p3460.phpnet.org\/leshayons\/index.php?rest_route=%2Fwp%2Fv2%2Fmedia&parent=924"}],"curies":[{"name":"wp","href":"https:\/\/api.w.org\/{rel}","templated":true}]}}